{"id":21,"date":"2025-01-18T23:44:45","date_gmt":"2025-01-18T23:44:45","guid":{"rendered":"https:\/\/podlaskizss.grot.stronazen.pl\/?page_id=21"},"modified":"2025-01-18T23:44:45","modified_gmt":"2025-01-18T23:44:45","slug":"kluby-zrzeszone-w-wzss","status":"publish","type":"page","link":"https:\/\/podlaskizss.grot.stronazen.pl\/?page_id=21","title":{"rendered":"Kluby zrzeszone w WZSS"},"content":{"rendered":"\n<p><a href=\"http:\/\/kaliberbialystok.pl\/\" target=\"_blank\" rel=\"noreferrer noopener\"><strong>KALIBER Bia\u0142ystok<\/strong><\/a><br><strong><a href=\"http:\/\/grot.bialystok.pl\/\">GROT Bia\u0142ystok<\/a><\/strong><br><strong><a href=\"https:\/\/przesmyk.org\/\">PRZESMYK Suwa\u0142ki<\/a><\/strong><br><strong><a href=\"http:\/\/lok.esuwalki.pl\/\">WIGRY Suwa\u0142ki<\/a><\/strong><br><strong><a href=\"http:\/\/www.kssbazuka.4lomza.pl\/\">BAZUKA \u0141om\u017ca<\/a><\/strong><br><strong><a href=\"http:\/\/kssagittarius.pl\/\">SAGITTARIUS Pi\u0105tnica<\/a><\/strong><br><strong><a href=\"http:\/\/www.club308.pl\/\">CLUB 308 Bia\u0142ystok<\/a><\/strong><br><strong><a href=\"http:\/\/marksman.org.pl\/\">MARKSMAN Raczki<\/a><\/strong><br><strong><a href=\"http:\/\/www.klubsportowy-k-15.pl\/\">K-15 Halickie<\/a><\/strong><br><strong><a href=\"http:\/\/www.9mm.com.pl\/\">9mm Bia\u0142ystok<\/a><\/strong><br><strong><a href=\"http:\/\/szwadron.podlasie.pl\/\">SZWADRON Bia\u0142ystok<\/a><\/strong><br><strong><a href=\"http:\/\/akskrechowiak.pl\/\">KRECHOWIAK August\u00f3w<\/a><\/strong><br><strong><a href=\"http:\/\/kzrpodlasie.pl\/\">K\u017bR Podlasie<\/a><\/strong><br><strong><a href=\"http:\/\/www.combatshooting.pl\/\">COMBAT SHOTING Knyszyn<\/a><\/strong><br><strong><a href=\"http:\/\/strzelnicatarget.pl\/\">TARGET Suwa\u0142ki<\/a><\/strong><br><strong><a href=\"http:\/\/legionwschodni.pl\/\">LEGION WSCHODNI Turo\u015bl Ko\u015bcielna<\/a><\/strong><br><strong><a href=\"https:\/\/www.snajper2017.com\/\" target=\"_blank\" rel=\"noreferrer noopener\">SNAJPER W\u0142osty Olszanka<\/a><\/strong><br><strong><a href=\"https:\/\/www.facebook.com\/StrzelnicaGrajewo\/\" target=\"_blank\" rel=\"noreferrer noopener\">PATRON Grajewo<\/a><\/strong><br><strong><a href=\"https:\/\/www.ksvis.org\/\" target=\"_blank\" rel=\"noreferrer noopener\">KS VIS \u0141om\u017ca<\/a><\/strong><br><strong><a href=\"https:\/\/www.facebook.com\/augustowscystrzelcy\/\" target=\"_blank\" rel=\"noreferrer noopener\">SAS August\u00f3w<\/a><\/strong><\/p>\n","protected":false},"excerpt":{"rendered":"<p>KALIBER Bia\u0142ystokGROT Bia\u0142ystokPRZESMYK Suwa\u0142kiWIGRY Suwa\u0142kiBAZUKA \u0141om\u017caSAGITTARIUS Pi\u0105tnicaCLUB 308 Bia\u0142ystokMARKSMAN RaczkiK-15 Halickie9mm Bia\u0142ystokSZWADRON Bia\u0142ystokKRECHOWIAK August\u00f3wK\u017bR PodlasieCOMBAT SHOTING KnyszynTARGET Suwa\u0142kiLEGION WSCHODNI Turo\u015bl Ko\u015bcielnaSNAJPER W\u0142osty OlszankaPATRON GrajewoKS VIS \u0141om\u017caSAS August\u00f3w<\/p>\n","protected":false},"author":1,"featured_media":0,"parent":0,"menu_order":0,"comment_status":"closed","ping_status":"closed","template":"","meta":{"footnotes":""},"class_list":["post-21","page","type-page","status-publish","hentry"],"_links":{"self":[{"href":"https:\/\/podlaskizss.grot.stronazen.pl\/index.php?rest_route=\/wp\/v2\/pages\/21","targetHints":{"allow":["GET"]}}],"collection":[{"href":"https:\/\/podlaskizss.grot.stronazen.pl\/index.php?rest_route=\/wp\/v2\/pages"}],"about":[{"href":"https:\/\/podlaskizss.grot.stronazen.pl\/index.php?rest_route=\/wp\/v2\/types\/page"}],"author":[{"embeddable":true,"href":"https:\/\/podlaskizss.grot.stronazen.pl\/index.php?rest_route=\/wp\/v2\/users\/1"}],"replies":[{"embeddable":true,"href":"https:\/\/podlaskizss.grot.stronazen.pl\/index.php?rest_route=%2Fwp%2Fv2%2Fcomments&post=21"}],"version-history":[{"count":1,"href":"https:\/\/podlaskizss.grot.stronazen.pl\/index.php?rest_route=\/wp\/v2\/pages\/21\/revisions"}],"predecessor-version":[{"id":22,"href":"https:\/\/podlaskizss.grot.stronazen.pl\/index.php?rest_route=\/wp\/v2\/pages\/21\/revisions\/22"}],"wp:attachment":[{"href":"https:\/\/podlaskizss.grot.stronazen.pl\/index.php?rest_route=%2Fwp%2Fv2%2Fmedia&parent=21"}],"curies":[{"name":"wp","href":"https:\/\/api.w.org\/{rel}","templated":true}]}}